{"id":84,"date":"2021-08-19T07:01:18","date_gmt":"2021-08-19T07:01:18","guid":{"rendered":"https:\/\/sites.udmercy.edu\/amsa-medalxibit-2021\/?page_id=84"},"modified":"2021-10-01T12:27:56","modified_gmt":"2021-10-01T12:27:56","slug":"beckner","status":"publish","type":"page","link":"https:\/\/sites.udmercy.edu\/amsa-medalxibit-2021\/meet-the-artists\/beckner\/","title":{"rendered":"Joy Beckner"},"content":{"rendered":"<h1>Inspiration, Smooth<\/h1>\n<p>Bronze, cast from wax<\/p>\n<p style=\"text-align: left\">\u201cInspiration\u201d was inspired by my dachshunds &#8212; and &#8212; by the exquisite medals modeled by German sculptor Heide Dobberkau (1929). Years ago I fell in love with a medal by Heidi, and when I went back to Medialia Rack &amp; Hamper Gallery in New York City to get it, it was sold out! Soon, I fell in love with, and acquired, other medals by Heidi. My first commission was a series of bas-reliefs of humans for the National Cosmetology Assn., after which I took a bas-relief workshop with sculptor, Eugene Daub. I modeled \u201cInspiration\u201d directly in wax at actual size. After that I learned \u2018Medal Making 101\u201d on the job, and added a whimsical image on the back of the Artist\u2019s Proofs. I hope you enjoy the result of my venture into the refined world of medals. \u201cInspiration\u201d is hand made, one at time, in the USA. Many thanks to Mashiko of Medialia, for granting permission for me to use her elegant design for the custom acrylic stand included with each bronze \u201cInspiration.\u201d<\/p>\n<p>Available for purchase.<\/p>\n<p><img decoding=\"async\" loading=\"lazy\" class=\"alignnone size-medium wp-image-413\" src=\"https:\/\/sites.udmercy.edu\/amsa-medalxibit-2021\/wp-content\/uploads\/sites\/247\/2021\/09\/AI3I4818-e1633041981663-300x280.jpg\" alt=\"\" width=\"300\" height=\"280\" srcset=\"https:\/\/sites.udmercy.edu\/amsa-medalxibit-2021\/wp-content\/uploads\/sites\/247\/2021\/09\/AI3I4818-e1633041981663-300x280.jpg 300w, https:\/\/sites.udmercy.edu\/amsa-medalxibit-2021\/wp-content\/uploads\/sites\/247\/2021\/09\/AI3I4818-e1633041981663-1024x957.jpg 1024w, https:\/\/sites.udmercy.edu\/amsa-medalxibit-2021\/wp-content\/uploads\/sites\/247\/2021\/09\/AI3I4818-e1633041981663-768x717.jpg 768w, https:\/\/sites.udmercy.edu\/amsa-medalxibit-2021\/wp-content\/uploads\/sites\/247\/2021\/09\/AI3I4818-e1633041981663-1536x1435.jpg 1536w, https:\/\/sites.udmercy.edu\/amsa-medalxibit-2021\/wp-content\/uploads\/sites\/247\/2021\/09\/AI3I4818-e1633041981663-321x300.jpg 321w, https:\/\/sites.udmercy.edu\/amsa-medalxibit-2021\/wp-content\/uploads\/sites\/247\/2021\/09\/AI3I4818-e1633041981663.jpg 1578w\" sizes=\"(max-width: 300px) 100vw, 300px\" \/><\/p>\n<h1>Inspiration, Wire<\/h1>\n<p>Bronze, cast from wax<\/p>\n<p>This medal, \u201cInspiration\u201d Wire, was inspired by my dachshunds &#8212; and &#8212; the exquisite bas-relief medals modeled by German sculptors Heide Dobberkau (1929) and her husband Werner Niermann. Years ago I fell in love with a medal by Heidi, and when I went back to Medialia Rack &amp; Hamper Gallery in New York City to get it, it was sold out! Soon, I fell in love with, and acquired, other medals by Heidi. My first commission was a series of bas-reliefs of humans for the National Cosmetology Association, after which I took a bas-relief workshop with renowned sculptor, Eugene Daub. I modeled \u201cInspiration\u201d Smooth, directly in wax at actual size. After that, I started to learn Medal Making 101, ON the job! I hope you enjoy the result of my venture into the refined world of medals. The original bronze \u201cInspiration\u201d Smooth, was juried into the 2010 FIDEM XXXI Congress and Exhibition, F\u00e9d\u00e9ration Internationale de la M\u00e9daille d\u2019 Art, The Tampere Museum, Tampere, Finland. Many thanks to Mashiko of Medialia, for granting permission for me to use her elegant design for the custom acrylic stand included with each bronze \u201cInspiration.\u201d \u201cInspiration\u201d Wire, is hand made, one at a time, in Colorado, USA.<\/p>\n<p>Each bronze medal is signed, numbered, dated and includes my mark, JKB. Enjoy!<\/p>\n<p>Available for purchase.<\/p>\n<p><img decoding=\"async\" loading=\"lazy\" class=\"alignnone size-medium wp-image-412\" src=\"https:\/\/sites.udmercy.edu\/amsa-medalxibit-2021\/wp-content\/uploads\/sites\/247\/2021\/09\/AI3I4815-e1633042004426-300x260.jpg\" alt=\"\" width=\"300\" height=\"260\" srcset=\"https:\/\/sites.udmercy.edu\/amsa-medalxibit-2021\/wp-content\/uploads\/sites\/247\/2021\/09\/AI3I4815-e1633042004426-300x260.jpg 300w, https:\/\/sites.udmercy.edu\/amsa-medalxibit-2021\/wp-content\/uploads\/sites\/247\/2021\/09\/AI3I4815-e1633042004426-1024x887.jpg 1024w, https:\/\/sites.udmercy.edu\/amsa-medalxibit-2021\/wp-content\/uploads\/sites\/247\/2021\/09\/AI3I4815-e1633042004426-768x665.jpg 768w, https:\/\/sites.udmercy.edu\/amsa-medalxibit-2021\/wp-content\/uploads\/sites\/247\/2021\/09\/AI3I4815-e1633042004426-1536x1330.jpg 1536w, https:\/\/sites.udmercy.edu\/amsa-medalxibit-2021\/wp-content\/uploads\/sites\/247\/2021\/09\/AI3I4815-e1633042004426-346x300.jpg 346w, https:\/\/sites.udmercy.edu\/amsa-medalxibit-2021\/wp-content\/uploads\/sites\/247\/2021\/09\/AI3I4815-e1633042004426.jpg 1626w\" sizes=\"(max-width: 300px) 100vw, 300px\" \/><\/p>\n","protected":false},"excerpt":{"rendered":"<p>Inspiration, Smooth Bronze, cast from wax \u201cInspiration\u201d was inspired by my dachshunds &#8212; and &#8212; by the exquisite medals modeled by German sculptor Heide Dobberkau (1929). Years ago I fell in love with a medal by Heidi, and when I &hellip; <a href=\"https:\/\/sites.udmercy.edu\/amsa-medalxibit-2021\/meet-the-artists\/beckner\/\">Continue reading <span class=\"meta-nav\">&rarr;<\/span><\/a><\/p>\n","protected":false},"author":205,"featured_media":412,"parent":7,"menu_order":0,"comment_status":"closed","ping_status":"closed","template":"","meta":[],"_links":{"self":[{"href":"https:\/\/sites.udmercy.edu\/amsa-medalxibit-2021\/wp-json\/wp\/v2\/pages\/84"}],"collection":[{"href":"https:\/\/sites.udmercy.edu\/amsa-medalxibit-2021\/wp-json\/wp\/v2\/pages"}],"about":[{"href":"https:\/\/sites.udmercy.edu\/amsa-medalxibit-2021\/wp-json\/wp\/v2\/types\/page"}],"author":[{"embeddable":true,"href":"https:\/\/sites.udmercy.edu\/amsa-medalxibit-2021\/wp-json\/wp\/v2\/users\/205"}],"replies":[{"embeddable":true,"href":"https:\/\/sites.udmercy.edu\/amsa-medalxibit-2021\/wp-json\/wp\/v2\/comments?post=84"}],"version-history":[{"count":11,"href":"https:\/\/sites.udmercy.edu\/amsa-medalxibit-2021\/wp-json\/wp\/v2\/pages\/84\/revisions"}],"predecessor-version":[{"id":414,"href":"https:\/\/sites.udmercy.edu\/amsa-medalxibit-2021\/wp-json\/wp\/v2\/pages\/84\/revisions\/414"}],"up":[{"embeddable":true,"href":"https:\/\/sites.udmercy.edu\/amsa-medalxibit-2021\/wp-json\/wp\/v2\/pages\/7"}],"wp:featuredmedia":[{"embeddable":true,"href":"https:\/\/sites.udmercy.edu\/amsa-medalxibit-2021\/wp-json\/wp\/v2\/media\/412"}],"wp:attachment":[{"href":"https:\/\/sites.udmercy.edu\/amsa-medalxibit-2021\/wp-json\/wp\/v2\/media?parent=84"}],"curies":[{"name":"wp","href":"https:\/\/api.w.org\/{rel}","templated":true}]}}